{"id":10,"date":"2016-07-22T12:57:44","date_gmt":"2016-07-22T12:57:44","guid":{"rendered":"https:\/\/marcopolo.neolabels.com\/?page_id=10"},"modified":"2021-04-06T07:43:58","modified_gmt":"2021-04-06T07:43:58","slug":"home","status":"publish","type":"page","link":"https:\/\/marcopolo.neolabels.com\/","title":{"rendered":"Home"},"content":{"rendered":"<p>[vc_row full_width=&#8221;stretch_row&#8221; full_height=&#8221;yes&#8221; css=&#8221;.vc_custom_1615388058021{background-image: url(https:\/\/marcopolo.neolabels.com\/wp-content\/uploads\/2021\/03\/Landing_mp-scaled.jpg?id=1162) !important;background-position: center !important;background-repeat: no-repeat !important;background-size: cover !important;}&#8221;][vc_column width=&#8221;1\/2&#8243;][vc_empty_space height=&#8221;&#8221; alter_height=&#8221;large&#8221; hide_on_mobile=&#8221;&#8221;][vc_single_image image=&#8221;1213&#8243; img_size=&#8221;medium&#8221;][vc_empty_space height=&#8221;&#8221; alter_height=&#8221;medium&#8221; hide_on_mobile=&#8221;&#8221;]<div id=\"sc_content_979379191\"\r\n\t\tclass=\"sc_content sc_content_default scheme_default h2  vc_custom_1617692018981\"><h3 class=\"sc_item_title sc_content_title sc_align_left sc_item_title_style_shadow\">EL NUEVO LIDERAZGO DE ORIENTE<\/h3><div class=\"sc_content_container\"><\/div><\/div><!-- \/.sc_content -->[vc_column_text el_class=&#8221;parrafo&#8221;]En un mundo en el que no dejan de suceder cosas por doquier a un ritmo vertiginoso, conviene elegir muy bien d\u00f3nde centrar la mirada y detenerse a observar para no desviarse del verdadero foco.<\/p>\n<p>El informe Marco Polo, impulsado por <strong>Neolabels<\/strong> y los consultores <strong>Daniel Calamonte<\/strong> y <strong>Pablo Mart\u00edn \u00c1vila<\/strong>, propone una mirada a una de las sociedades hist\u00f3ricamente m\u00e1s avanzadas, la china, que ha d\u00eda de hoy se erige como uno <strong>de los principales hotspot internacionales a nivel tecnol\u00f3gico.<\/strong><\/p>\n<p>No te pierdas esta radiograf\u00eda a m\u00faltiples niveles de lo que est\u00e1 pasando en el lejano oriente y abre los ojos porque podr\u00eda estar m\u00e1s cerca de lo que crees.[\/vc_column_text][vc_empty_space height=&#8221;&#8221; alter_height=&#8221;medium&#8221; hide_on_mobile=&#8221;&#8221;]<div class=\"sc_item_button sc_button_wrap sc_align_left\"><a href=\"https:\/\/www.neolabels.com\/marcopolo\/Marco_Polo.pdf\"\r\n\t id=\"sc_button_1115945755\" \r\n\tclass=\"sc_button sc_button_default  vc_custom_1617691942968 sc_button_size_normal sc_button_icon_left\"\r\n\t\t><span class=\"sc_button_text\"><span class=\"sc_button_title\">DESCARGAR INFORME<\/span><\/span><!-- \/.sc_button_text --><\/a><!-- \/.sc_button --><\/div><!-- \/.sc_item_button -->[vc_empty_space height=&#8221;&#8221; alter_height=&#8221;small&#8221; hide_on_mobile=&#8221;&#8221;][\/vc_column][vc_column width=&#8221;1\/2&#8243;][\/vc_column][\/vc_row]<\/p>\n","protected":false},"excerpt":{"rendered":"<p>[vc_row full_width=&#8221;stretch_row&#8221; full_height=&#8221;yes&#8221; css=&#8221;.vc_custom_1615388058021{background-image: url(https:\/\/marcopolo.neolabels.com\/wp-content\/uploads\/2021\/03\/Landing_mp-scaled.jpg?id=1162) !important;background-position: center !important;background-repeat: no-repeat !important;background-size: cover !important;}&#8221;][vc_column width=&#8221;1\/2&#8243;][vc_empty_space height=&#8221;&#8221; alter_height=&#8221;large&#8221; hide_on_mobile=&#8221;&#8221;][vc_single_image image=&#8221;1213&#8243; img_size=&#8221;medium&#8221;][vc_empty_space height=&#8221;&#8221; alter_height=&#8221;medium&#8221; hide_on_mobile=&#8221;&#8221;][vc_column_text el_class=&#8221;parrafo&#8221;]En un mundo en el que no dejan de suceder cosas por doquier a un ritmo vertiginoso, conviene elegir muy bien d\u00f3nde centrar la mirada y detenerse a observar para no desviarse del verdadero foco. El informe Marco Polo,&hellip;<\/p>\n","protected":false},"author":1,"featured_media":0,"parent":0,"menu_order":0,"comment_status":"closed","ping_status":"closed","template":"","meta":{"_bbp_topic_count":0,"_bbp_reply_count":0,"_bbp_total_topic_count":0,"_bbp_total_reply_count":0,"_bbp_voice_count":0,"_bbp_anonymous_reply_count":0,"_bbp_topic_count_hidden":0,"_bbp_reply_count_hidden":0,"_bbp_forum_subforum_count":0},"_links":{"self":[{"href":"https:\/\/marcopolo.neolabels.com\/index.php?rest_route=\/wp\/v2\/pages\/10"}],"collection":[{"href":"https:\/\/marcopolo.neolabels.com\/index.php?rest_route=\/wp\/v2\/pages"}],"about":[{"href":"https:\/\/marcopolo.neolabels.com\/index.php?rest_route=\/wp\/v2\/types\/page"}],"author":[{"embeddable":true,"href":"https:\/\/marcopolo.neolabels.com\/index.php?rest_route=\/wp\/v2\/users\/1"}],"replies":[{"embeddable":true,"href":"https:\/\/marcopolo.neolabels.com\/index.php?rest_route=%2Fwp%2Fv2%2Fcomments&post=10"}],"version-history":[{"count":17,"href":"https:\/\/marcopolo.neolabels.com\/index.php?rest_route=\/wp\/v2\/pages\/10\/revisions"}],"predecessor-version":[{"id":1220,"href":"https:\/\/marcopolo.neolabels.com\/index.php?rest_route=\/wp\/v2\/pages\/10\/revisions\/1220"}],"wp:attachment":[{"href":"https:\/\/marcopolo.neolabels.com\/index.php?rest_route=%2Fwp%2Fv2%2Fmedia&parent=10"}],"curies":[{"name":"wp","href":"https:\/\/api.w.org\/{rel}","templated":true}]}}